{"id":319,"date":"2025-02-28T08:40:33","date_gmt":"2025-02-28T08:40:33","guid":{"rendered":"https:\/\/phuocdatjewelry.com\/?page_id=319"},"modified":"2025-02-28T08:40:34","modified_gmt":"2025-02-28T08:40:34","slug":"chinh-sach-mua-hang","status":"publish","type":"page","link":"https:\/\/phuocdatjewelry.com\/index.php\/chinh-sach-mua-hang\/","title":{"rendered":"Ch\u00ednh s\u00e1ch mua h\u00e0ng"},"content":{"rendered":"","protected":false},"excerpt":{"rendered":"","protected":false},"author":1,"featured_media":0,"parent":0,"menu_order":0,"comment_status":"closed","ping_status":"closed","template":"","meta":{"footnotes":""},"class_list":["post-319","page","type-page","status-publish","hentry"],"_links":{"self":[{"href":"https:\/\/phuocdatjewelry.com\/index.php\/wp-json\/wp\/v2\/pages\/319","targetHints":{"allow":["GET"]}}],"collection":[{"href":"https:\/\/phuocdatjewelry.com\/index.php\/wp-json\/wp\/v2\/pages"}],"about":[{"href":"https:\/\/phuocdatjewelry.com\/index.php\/wp-json\/wp\/v2\/types\/page"}],"author":[{"embeddable":true,"href":"https:\/\/phuocdatjewelry.com\/index.php\/wp-json\/wp\/v2\/users\/1"}],"replies":[{"embeddable":true,"href":"https:\/\/phuocdatjewelry.com\/index.php\/wp-json\/wp\/v2\/comments?post=319"}],"version-history":[{"count":1,"href":"https:\/\/phuocdatjewelry.com\/index.php\/wp-json\/wp\/v2\/pages\/319\/revisions"}],"predecessor-version":[{"id":320,"href":"https:\/\/phuocdatjewelry.com\/index.php\/wp-json\/wp\/v2\/pages\/319\/revisions\/320"}],"wp:attachment":[{"href":"https:\/\/phuocdatjewelry.com\/index.php\/wp-json\/wp\/v2\/media?parent=319"}],"curies":[{"name":"wp","href":"https:\/\/api.w.org\/{rel}","templated":true}]}}